{"id":598,"date":"2019-01-29T15:11:56","date_gmt":"2019-01-29T14:11:56","guid":{"rendered":"https:\/\/www.openspace.nu\/herman\/?page_id=598"},"modified":"2019-03-11T20:14:31","modified_gmt":"2019-03-11T19:14:31","slug":"geschiedenis","status":"publish","type":"page","link":"https:\/\/openspace-events.nl\/os\/geschiedenis\/","title":{"rendered":"Geschiedenis"},"content":{"rendered":"<p>[et_pb_section fb_built=&#8221;1&#8243; _builder_version=&#8221;3.0.47&#8243;][et_pb_row custom_padding=&#8221;24px|0px|111px|0px|false|false&#8221; _builder_version=&#8221;3.19.6&#8243; background_image=&#8221;https:\/\/www.openspace.nu\/herman\/wp-content\/uploads\/2019\/01\/image4-1.jpg&#8221; locked=&#8221;off&#8221;][et_pb_column type=&#8221;1_2&#8243; _builder_version=&#8221;3.19.6&#8243;][et_pb_text _builder_version=&#8221;3.19.6&#8243;][\/et_pb_text][et_pb_text _builder_version=&#8221;3.19.6&#8243;][\/et_pb_text][\/et_pb_column][et_pb_column type=&#8221;1_2&#8243; _builder_version=&#8221;3.19.6&#8243;][et_pb_text _builder_version=&#8221;3.19.6&#8243;][\/et_pb_text][\/et_pb_column][\/et_pb_row][et_pb_row _builder_version=&#8221;3.0.48&#8243; background_size=&#8221;initial&#8221; background_position=&#8221;top_left&#8221; background_repeat=&#8221;repeat&#8221;][et_pb_column type=&#8221;4_4&#8243; _builder_version=&#8221;3.0.47&#8243;][et_pb_text _builder_version=&#8221;3.0.74&#8243; background_size=&#8221;initial&#8221; background_position=&#8221;top_left&#8221; background_repeat=&#8221;repeat&#8221;]<\/p>\n<p><strong>Geschiedenis<\/strong><\/p>\n<p><span>Harrison Owen beschreef de Open Space\u00a0 voor het eerst in de 80-er jaren. Intussen zijn er duizenden facilitators over de hele wereld die de methode toepassen. Hij\u00a0<\/span><span>kreeg het idee voor de methode na een conferentie, waar de deelnemers &#8211; hoewel zij tevreden waren &#8211; vonden dat het beste onderdeel van de conferentie de koffiepauze was geweest!<br \/> <\/span><span>De echt belangrijke onderwerpen hadden zij tussendoor besproken, en vaak met veel m\u00e9\u00e9r enthousiasme dan tijdens het offici\u00eble programma.<\/span><\/p>\n<p><span>OS is een methode die de kennis en ervaringen van deelnemers mobiliseert en waarmee grote groepen complexe problemen in 1\/2 tot 3 dagen kunnen oplossen: Vanaf een halve dag voor een oplossing in grote lijn, 2-3 wanneer een volledig uitgewerkt, geordineerd en realistisch actieplan de doelstelling is.<\/span><\/p>\n<p style=\"margin-left: .375in; margin-top: 0pt; margin-bottom: 6pt; font-family: Arial; font-size: 10.5pt; color: #1c1f1f;\"><span style=\"background: white;\"><\/span><\/p>\n<p>[\/et_pb_text][\/et_pb_column][\/et_pb_row][\/et_pb_section]<\/p>\n","protected":false},"excerpt":{"rendered":"<p>Geschiedenis Harrison Owen beschreef de Open Space\u00a0 voor het eerst in de 80-er jaren. Intussen zijn er duizenden facilitators over de hele wereld die de methode toepassen. Hij\u00a0kreeg het idee voor de methode na een conferentie, waar de deelnemers &#8211; hoewel zij tevreden waren &#8211; vonden dat het beste onderdeel van de conferentie de koffiepauze [&hellip;]<\/p>\n","protected":false},"author":1,"featured_media":0,"parent":0,"menu_order":0,"comment_status":"closed","ping_status":"closed","template":"","meta":{"_et_pb_use_builder":"on","_et_pb_old_content":"","_et_gb_content_width":"","footnotes":""},"class_list":["post-598","page","type-page","status-publish","hentry"],"_links":{"self":[{"href":"https:\/\/openspace-events.nl\/os\/wp-json\/wp\/v2\/pages\/598","targetHints":{"allow":["GET"]}}],"collection":[{"href":"https:\/\/openspace-events.nl\/os\/wp-json\/wp\/v2\/pages"}],"about":[{"href":"https:\/\/openspace-events.nl\/os\/wp-json\/wp\/v2\/types\/page"}],"author":[{"embeddable":true,"href":"https:\/\/openspace-events.nl\/os\/wp-json\/wp\/v2\/users\/1"}],"replies":[{"embeddable":true,"href":"https:\/\/openspace-events.nl\/os\/wp-json\/wp\/v2\/comments?post=598"}],"version-history":[{"count":1,"href":"https:\/\/openspace-events.nl\/os\/wp-json\/wp\/v2\/pages\/598\/revisions"}],"predecessor-version":[{"id":684,"href":"https:\/\/openspace-events.nl\/os\/wp-json\/wp\/v2\/pages\/598\/revisions\/684"}],"wp:attachment":[{"href":"https:\/\/openspace-events.nl\/os\/wp-json\/wp\/v2\/media?parent=598"}],"curies":[{"name":"wp","href":"https:\/\/api.w.org\/{rel}","templated":true}]}}