{"id":81,"date":"2019-01-17T11:25:31","date_gmt":"2019-01-17T10:25:31","guid":{"rendered":"https:\/\/www.openspace.nu\/herman\/?page_id=81"},"modified":"2019-03-16T15:22:33","modified_gmt":"2019-03-16T14:22:33","slug":"open-world-cafe","status":"publish","type":"page","link":"https:\/\/openspace-events.nl\/os\/open-world-cafe\/","title":{"rendered":"Open World Caf\u00e9"},"content":{"rendered":"<p>[et_pb_section fb_built=&#8221;1&#8243; _builder_version=&#8221;3.19.6&#8243;][et_pb_row _builder_version=&#8221;3.19.6&#8243;][et_pb_column type=&#8221;1_2&#8243; _builder_version=&#8221;3.0.47&#8243;][et_pb_blurb title=&#8221;Open World Caf\u00e9&#8221; _builder_version=&#8221;3.20.1&#8243;]<\/p>\n<p>Open Space Events organiseert ook Open World Caf\u00e9.<\/p>\n<p>\u00a0<span style=\"font-size: 14px;\">Open World Caf\u00e9 is een nieuwe werkvorm die zo mogelijk nog laagdrempeliger is dan een Open Space workshop.<\/span><\/p>\n<p>Open World Caf\u00e9 wordt ingezet om laagdrempelig, gezellig aan tafeltjes in een open sfeer, maar wel zeer intensief met elkaar te overleggen in steeds wisselende groepen. &#8220;Bottom up&#8221; denken staat centraal bij Open World Caf\u00e9.<\/p>\n<p>De werkvorm lijkt simpel: Het thema van de dag is in een aantal &#8220;Vragen die er toe doen.&#8221; per tafel verdeeld.<\/p>\n<p>De deelnemers zitten in kleine groepjes aan tafel en schrijven belangrijke opmerkingen en conclusies op het papieren tafelkleed. Na 20 minuten wordt er gewisseld van tafel, slechts 1 deelnemer blijft zitten om de nieuwe groep in te leiden in de afgelopen discussie en de nieuwe groep gaat verder met het thema. Na 20 minuten wordt weer gewisseld en iemand anders blijft dan zitten om de nieuwe groep weer op te vangen.<\/p>\n<p>Na enige uren intensief overleg wordt er &#8220;geoogst&#8221;. Alle Mindmaps worden gedeeld in de groep.<\/p>\n<p>[\/et_pb_blurb][et_pb_blurb title=&#8221;Waarom is het Open World Caf\u00e9 zo effectief?&#8221; _builder_version=&#8221;3.20.1&#8243; image=&#8221;https:\/\/openspace-events.nl\/os\/wp-content\/uploads\/2019\/03\/worldcafe7.jpg&#8221;]<\/p>\n<p>In kleine groepjes kun je zeer intensief, heel veilig en diepgravend een stelling of vraag uitwerken en verder bouwen op elkaars idee\u00ebn.<br \/>Iedereen wordt gemakkelijk gehoord en komt aan bod, dus ieder wordt uitgedaagd om bij te dragen. Dit is co-creatie in een effectieve vorm.<\/p>\n<ul>\n<li>Er is niet \u00e9\u00e9n leider die alles bepaalt. Ook degene die \u00e9\u00e9n keer blijft zitten wisselt daarna door. Dit bevordert het gezamenlijke onderzoek en de betrokkenheid.<\/li>\n<li>Door de herhaalde wisselingen kunnen veel deelnemers bijdragen aan het tafelthema. De kennis en capaciteiten van de hele groep worden aangeboord. Dit bevordert de collectieve intelligentie van de groep.<\/li>\n<li>De &#8220;mindmap&#8221; die op het tafelkleed ontstaat daagt deelnemers uit tot meer oplossingen, maar zorgt ook voor overzicht: inspiratie en structuur. De collectieve wijsheid en het groepsgeheugen krijgt hier zijn neerslag. In de mindmap mag worden getekend en geschreven, het is een soort grafische recorder van het proces.<\/li>\n<li>Iedereen kan het zien en mag eraan toevoegen. Dit zorgt voor een zeer dynamische tafelsetting.<\/li>\n<li>De kennis die aan de ene tafel ontstaat wordt meegenomen naar de volgende tafel. Er ontstaat veel gedeelde kennis en gedeelde meningen. Kruisbestuiving ten top!<\/li>\n<li>Aan het einde worden alle mindmaps gepresenteerd en kennis gedeeld. Een hele grote inspiratie voor opvolging.<\/li>\n<\/ul>\n<p>[\/et_pb_blurb][\/et_pb_column][et_pb_column type=&#8221;1_2&#8243; _builder_version=&#8221;3.0.47&#8243;][et_pb_image src=&#8221;https:\/\/www.openspace.nu\/herman\/wp-content\/uploads\/2019\/01\/worldcafe3-1.jpg&#8221; force_fullwidth=&#8221;on&#8221; _builder_version=&#8221;3.19.6&#8243;][\/et_pb_image][et_pb_blurb title=&#8221;Open Space \u00e9n Open World Caf\u00e9&#8221; _builder_version=&#8221;3.20.1&#8243; image=&#8221;https:\/\/openspace-events.nl\/os\/wp-content\/uploads\/2019\/03\/worldcafe4.jpg&#8221;]<\/p>\n<p>Open Space en Open World Caf\u00e9, een uitstekende combinatie<br \/>De werkvorm World Caf\u00e9 komt uit Amerika, maar verspreidt zich snel over de hele wereld.<\/p>\n<p>Vanuit de ervaring die Open Space Events heeft opgedaan als grootste Open Space organisator van Nederland hebben wij het World Caf\u00e9 omgevormd tot Open World Caf\u00e9 voor Nederlandse en Europese bedrijven.<\/p>\n<p>In 2011 is onze eerste Open World Caf\u00e9 succesvol ingezet bij de Top 70 managers van de Port of Rotterdam tijdens een 2 daagse combinatie van Open Space en World Caf\u00e9.<\/p>\n<p>Diverse initiatieven die vanuit deze sessies zijn ontstaan worden nu verder uitgewerkt om de Haven van Rotterdam als innovatiefste en bijna grootste haven van de wereld verder te ontwikkelen.<\/p>\n<p>[\/et_pb_blurb][et_pb_blurb _builder_version=&#8221;3.19.6&#8243;][\/et_pb_blurb][\/et_pb_column][\/et_pb_row][\/et_pb_section]<\/p>\n","protected":false},"excerpt":{"rendered":"<p>Open Space Events organiseert ook Open World Caf\u00e9. \u00a0Open World Caf\u00e9 is een nieuwe werkvorm die zo mogelijk nog laagdrempeliger is dan een Open Space workshop. Open World Caf\u00e9 wordt ingezet om laagdrempelig, gezellig aan tafeltjes in een open sfeer, maar wel zeer intensief met elkaar te overleggen in steeds wisselende groepen. &#8220;Bottom up&#8221; denken [&hellip;]<\/p>\n","protected":false},"author":1,"featured_media":432,"parent":0,"menu_order":0,"comment_status":"closed","ping_status":"closed","template":"","meta":{"_et_pb_use_builder":"on","_et_pb_old_content":"","_et_gb_content_width":"","footnotes":""},"class_list":["post-81","page","type-page","status-publish","has-post-thumbnail","hentry"],"_links":{"self":[{"href":"https:\/\/openspace-events.nl\/os\/wp-json\/wp\/v2\/pages\/81","targetHints":{"allow":["GET"]}}],"collection":[{"href":"https:\/\/openspace-events.nl\/os\/wp-json\/wp\/v2\/pages"}],"about":[{"href":"https:\/\/openspace-events.nl\/os\/wp-json\/wp\/v2\/types\/page"}],"author":[{"embeddable":true,"href":"https:\/\/openspace-events.nl\/os\/wp-json\/wp\/v2\/users\/1"}],"replies":[{"embeddable":true,"href":"https:\/\/openspace-events.nl\/os\/wp-json\/wp\/v2\/comments?post=81"}],"version-history":[{"count":2,"href":"https:\/\/openspace-events.nl\/os\/wp-json\/wp\/v2\/pages\/81\/revisions"}],"predecessor-version":[{"id":740,"href":"https:\/\/openspace-events.nl\/os\/wp-json\/wp\/v2\/pages\/81\/revisions\/740"}],"wp:featuredmedia":[{"embeddable":true,"href":"https:\/\/openspace-events.nl\/os\/wp-json\/"}],"wp:attachment":[{"href":"https:\/\/openspace-events.nl\/os\/wp-json\/wp\/v2\/media?parent=81"}],"curies":[{"name":"wp","href":"https:\/\/api.w.org\/{rel}","templated":true}]}}